{"id":902,"date":"2023-10-19T23:35:25","date_gmt":"2023-10-19T23:35:25","guid":{"rendered":"https:\/\/johnfeatherstone.com\/choral\/credo\/"},"modified":"2025-06-13T15:30:25","modified_gmt":"2025-06-13T15:30:25","slug":"credo","status":"publish","type":"page","link":"https:\/\/johnfeatherstone.com\/en\/choral\/credo\/","title":{"rendered":"Credo"},"content":{"rendered":"<div  class='flex_column av-afp67-d359536ea45d9e07fa7d886d0aa60bef av_one_third  avia-builder-el-0  el_before_av_two_third  avia-builder-el-first  first flex_column_div  '     ><style type=\"text\/css\" data-created_by=\"avia_inline_auto\" id=\"style-css-av-lnxvaoj1-0af9c84fe5a5d530785f45c18921a724\">\n.avia-image-container.av-lnxvaoj1-0af9c84fe5a5d530785f45c18921a724 img.avia_image{\nbox-shadow:none;\n}\n.avia-image-container.av-lnxvaoj1-0af9c84fe5a5d530785f45c18921a724 .av-image-caption-overlay-center{\ncolor:#ffffff;\n}\n<\/style>\n<div  class='avia-image-container av-lnxvaoj1-0af9c84fe5a5d530785f45c18921a724 av-styling- avia-align-center  avia-builder-el-1  avia-builder-el-no-sibling '   itemprop=\"image\" itemscope=\"itemscope\" itemtype=\"https:\/\/schema.org\/ImageObject\" ><div class=\"avia-image-container-inner\"><div class=\"avia-image-overlay-wrap\"><img decoding=\"async\" class='wp-image-62 avia-img-lazy-loading-not-62 avia_image ' src=\"https:\/\/johnfeatherstone.com\/wp-content\/uploads\/2023\/10\/Credo-fr-only-download-out-of-stock-1030x1030.jpg\" alt='' title='CREDO en fran\u00e7ais'  height=\"1030\" width=\"1030\"  itemprop=\"thumbnailUrl\" srcset=\"https:\/\/johnfeatherstone.com\/wp-content\/uploads\/2023\/10\/Credo-fr-only-download-out-of-stock-1030x1030.jpg 1030w, https:\/\/johnfeatherstone.com\/wp-content\/uploads\/2023\/10\/Credo-fr-only-download-out-of-stock-300x300.jpg 300w, https:\/\/johnfeatherstone.com\/wp-content\/uploads\/2023\/10\/Credo-fr-only-download-out-of-stock-100x100.jpg 100w, https:\/\/johnfeatherstone.com\/wp-content\/uploads\/2023\/10\/Credo-fr-only-download-out-of-stock-600x600.jpg 600w, https:\/\/johnfeatherstone.com\/wp-content\/uploads\/2023\/10\/Credo-fr-only-download-out-of-stock-80x80.jpg 80w, https:\/\/johnfeatherstone.com\/wp-content\/uploads\/2023\/10\/Credo-fr-only-download-out-of-stock-768x768.jpg 768w, https:\/\/johnfeatherstone.com\/wp-content\/uploads\/2023\/10\/Credo-fr-only-download-out-of-stock-36x36.jpg 36w, https:\/\/johnfeatherstone.com\/wp-content\/uploads\/2023\/10\/Credo-fr-only-download-out-of-stock-180x180.jpg 180w, https:\/\/johnfeatherstone.com\/wp-content\/uploads\/2023\/10\/Credo-fr-only-download-out-of-stock-705x705.jpg 705w, https:\/\/johnfeatherstone.com\/wp-content\/uploads\/2023\/10\/Credo-fr-only-download-out-of-stock.jpg 1400w\" sizes=\"(max-width: 1030px) 100vw, 1030px\" \/><\/div><\/div><\/div><\/div>\n<div  class='flex_column av-9we9j-471505af9da35ec23db2ae78e3d9da39 av_two_third  avia-builder-el-2  el_after_av_one_third  el_before_av_one_third  flex_column_div  '     ><section  class='av_textblock_section av-97j4j-d608f1de28a55e064cd9c983a674faba '   itemscope=\"itemscope\" itemtype=\"https:\/\/schema.org\/CreativeWork\" ><div class='avia_textblock'  itemprop=\"text\" ><section class=\"av_textblock_section av-k9o8kdmc-32c9a64f822a276e481615a4c2003bae\">\n<div class=\"avia_textblock\">\n<h4 class=\"shared_content\" data-content-guid=\"u1286940-4_content\"><span class=\"Body-raleway-14-dark-grey\">Credo : <\/span><\/h4>\n<p id=\"u467310-4\" class=\"Body-14-Raleway-Light-justified-indented\"><em>Classical and contemporary modes join forces in one musical space, combining the rhythms of today with those of the past.<\/em><\/p>\n<p id=\"u467310-6\" class=\"Body-14-Raleway-Light-justified-indented\">A classical choir, a gospel choir and 15 instrumentalists meet around the confession of faith that unites all Christian denominations.<\/p>\n<p id=\"u467310-8\" class=\"Body-14-Raleway-Light-justified-indented\">Credo exists in English and in French<\/p>\n<p>The Latin\/Englsih CD is available, the Latin\/French version is out of stock and only available in download<\/p>\n<\/div>\n<\/section>\n<div class=\"hr av-g320f-795caff61131ea3f57d7e178ef1e8e86 hr-invisible avia-builder-el-5 el_after_av_textblock el_before_av_buttonrow \"><\/div>\n<\/div><\/section><br \/>\n<br \/>\n\n<style type=\"text\/css\" data-created_by=\"avia_inline_auto\" id=\"style-css-av-lo051qpj-fb1e23013b9d156e54831aa2fa3edf6d\">\n#top .hr.hr-invisible.av-lo051qpj-fb1e23013b9d156e54831aa2fa3edf6d{\nheight:30px;\n}\n<\/style>\n<div  class='hr av-lo051qpj-fb1e23013b9d156e54831aa2fa3edf6d hr-invisible  avia-builder-el-5  el_after_av_codeblock  el_before_av_button '><span class='hr-inner '><span class=\"hr-inner-style\"><\/span><\/span><\/div><br \/>\n<div  class='avia-button-wrap av-lo04e91k-444e3bf5b21de6d359afe3515da57308-wrap avia-button-left  avia-builder-el-6  el_after_av_hr  avia-builder-el-last '><a href='https:\/\/johnfeatherstone.bandcamp.com\/album\/credo-en-fran-ais' class='avia-button av-lo04e91k-444e3bf5b21de6d359afe3515da57308 avia-icon_select-no avia-size-small avia-position-left avia-color-theme-color' target=\"_blank\" rel=\"noopener noreferrer\"><span class='avia_iconbox_title' >LISTEN \/ DOWNLOAD<\/span><\/a><\/div><\/p><\/div>\n<div  class='flex_column av-jihj-6e84ae73189bf03377f76a1776d1999b av_one_third  avia-builder-el-7  el_after_av_two_third  el_before_av_one_third  first flex_column_div  column-top-margin'     ><p>\n<style type=\"text\/css\" data-created_by=\"avia_inline_auto\" id=\"style-css-av-5ctgb-0221406b476599b9841372528176976d\">\n.avia-image-container.av-5ctgb-0221406b476599b9841372528176976d img.avia_image{\nbox-shadow:none;\n}\n.avia-image-container.av-5ctgb-0221406b476599b9841372528176976d .av-image-caption-overlay-center{\ncolor:#ffffff;\n}\n<\/style>\n<div  class='avia-image-container av-5ctgb-0221406b476599b9841372528176976d av-styling- avia-align-center  avia-builder-el-8  el_before_av_hr  avia-builder-el-first '   itemprop=\"image\" itemscope=\"itemscope\" itemtype=\"https:\/\/schema.org\/ImageObject\" ><div class=\"avia-image-container-inner\"><div class=\"avia-image-overlay-wrap\"><img decoding=\"async\" class='wp-image-380 avia-img-lazy-loading-not-380 avia_image ' src=\"https:\/\/johnfeatherstone.com\/wp-content\/uploads\/2023\/10\/CredoAlsacescenesq-1030x1030.jpg\" alt='' title='Credo'  height=\"1030\" width=\"1030\"  itemprop=\"thumbnailUrl\" srcset=\"https:\/\/johnfeatherstone.com\/wp-content\/uploads\/2023\/10\/CredoAlsacescenesq-1030x1030.jpg 1030w, https:\/\/johnfeatherstone.com\/wp-content\/uploads\/2023\/10\/CredoAlsacescenesq-300x300.jpg 300w, https:\/\/johnfeatherstone.com\/wp-content\/uploads\/2023\/10\/CredoAlsacescenesq-80x80.jpg 80w, https:\/\/johnfeatherstone.com\/wp-content\/uploads\/2023\/10\/CredoAlsacescenesq-768x768.jpg 768w, https:\/\/johnfeatherstone.com\/wp-content\/uploads\/2023\/10\/CredoAlsacescenesq-36x36.jpg 36w, https:\/\/johnfeatherstone.com\/wp-content\/uploads\/2023\/10\/CredoAlsacescenesq-180x180.jpg 180w, https:\/\/johnfeatherstone.com\/wp-content\/uploads\/2023\/10\/CredoAlsacescenesq-1500x1500.jpg 1500w, https:\/\/johnfeatherstone.com\/wp-content\/uploads\/2023\/10\/CredoAlsacescenesq-705x705.jpg 705w, https:\/\/johnfeatherstone.com\/wp-content\/uploads\/2023\/10\/CredoAlsacescenesq-120x120.jpg 120w, https:\/\/johnfeatherstone.com\/wp-content\/uploads\/2023\/10\/CredoAlsacescenesq-450x450.jpg 450w, https:\/\/johnfeatherstone.com\/wp-content\/uploads\/2023\/10\/CredoAlsacescenesq-600x600.jpg 600w, https:\/\/johnfeatherstone.com\/wp-content\/uploads\/2023\/10\/CredoAlsacescenesq-100x100.jpg 100w, https:\/\/johnfeatherstone.com\/wp-content\/uploads\/2023\/10\/CredoAlsacescenesq.jpg 1536w\" sizes=\"(max-width: 1030px) 100vw, 1030px\" \/><\/div><\/div><\/div><br \/>\n\n<style type=\"text\/css\" data-created_by=\"avia_inline_auto\" id=\"style-css-av-22eev-9bff9ba210d19ced4d0f2fe07effc658\">\n#top .hr.hr-invisible.av-22eev-9bff9ba210d19ced4d0f2fe07effc658{\nheight:30px;\n}\n<\/style>\n<div  class='hr av-22eev-9bff9ba210d19ced4d0f2fe07effc658 hr-invisible  avia-builder-el-9  el_after_av_image  el_before_av_textblock '><span class='hr-inner '><span class=\"hr-inner-style\"><\/span><\/span><\/div><br \/>\n<section  class='av_textblock_section av-lnxv8pa2-7f3f916894415ac338ed921d1172a58d '   itemscope=\"itemscope\" itemtype=\"https:\/\/schema.org\/CreativeWork\" ><div class='avia_textblock'  itemprop=\"text\" ><h4 id=\"u1286940-4\" class=\"shared_content\" data-content-guid=\"u1286940-4_content\">The recording<\/h4>\n<p id=\"u1286940-7\" class=\"shared_content\" data-content-guid=\"u1286940-7_content\"><span id=\"u1286940-25\" class=\"shared_content\" data-content-guid=\"u1286940-25_content\">Recorded at the headquarters of the Royal Schools of Church Music, Cleveland Lodge, Livingstone Studios, London, and Studio des C\u00e8dres in Paris. <\/span><\/p>\n<p class=\"shared_content\" data-content-guid=\"u1286940-7_content\"><span id=\"u1286940-25\" class=\"shared_content\" data-content-guid=\"u1286940-25_content\">The CD combines instrumentalists from the Irish Chamber Orchestra, singers from the<\/span><span id=\"u1286940-38\" class=\"shared_content\" data-content-guid=\"u1286940-38_content\"> <\/span><a href=\"https:\/\/kingdomchoir.com\/\"><span id=\"u1286940-39\" class=\"shared_content\" data-content-guid=\"u1286940-39_content\">Kingdom Choir<\/span><\/a><span id=\"u1286940-41\" class=\"shared_content\" data-content-guid=\"u1286940-41_content\"> and well known soloists from the French Gospel scene : <\/span><span id=\"u1286940-41\" class=\"shared_content\" data-content-guid=\"u1286940-41_content\">Myra-Maud, Judith Flessel, Jean-Marc Reyno, Jean-Marc Lerigab, Pascale Benmann, Marcel Boungou \u2026<\/span><\/p>\n<\/div><\/section><\/p><\/div><div  class='flex_column av-e3yr-669627ec6aa484a34b787fc46d43a1f5 av_one_third  avia-builder-el-11  el_after_av_one_third  el_before_av_one_third  flex_column_div  column-top-margin'     ><p>\n<style type=\"text\/css\" data-created_by=\"avia_inline_auto\" id=\"style-css-av-3b7zr-0bc1d42796452e459ea8691d434234c2\">\n.avia-image-container.av-3b7zr-0bc1d42796452e459ea8691d434234c2 img.avia_image{\nbox-shadow:none;\n}\n.avia-image-container.av-3b7zr-0bc1d42796452e459ea8691d434234c2 .av-image-caption-overlay-center{\ncolor:#ffffff;\n}\n<\/style>\n<div  class='avia-image-container av-3b7zr-0bc1d42796452e459ea8691d434234c2 av-styling- avia-align-center  avia-builder-el-12  el_before_av_hr  avia-builder-el-first '   itemprop=\"image\" itemscope=\"itemscope\" itemtype=\"https:\/\/schema.org\/ImageObject\" ><div class=\"avia-image-container-inner\"><div class=\"avia-image-overlay-wrap\"><img decoding=\"async\" class='wp-image-382 avia-img-lazy-loading-not-382 avia_image ' src=\"https:\/\/johnfeatherstone.com\/wp-content\/uploads\/2023\/10\/Credoalsaceviewsq.jpg\" alt='' title='Credo concert'  height=\"595\" width=\"595\"  itemprop=\"thumbnailUrl\" srcset=\"https:\/\/johnfeatherstone.com\/wp-content\/uploads\/2023\/10\/Credoalsaceviewsq.jpg 595w, https:\/\/johnfeatherstone.com\/wp-content\/uploads\/2023\/10\/Credoalsaceviewsq-300x300.jpg 300w, https:\/\/johnfeatherstone.com\/wp-content\/uploads\/2023\/10\/Credoalsaceviewsq-80x80.jpg 80w, https:\/\/johnfeatherstone.com\/wp-content\/uploads\/2023\/10\/Credoalsaceviewsq-36x36.jpg 36w, https:\/\/johnfeatherstone.com\/wp-content\/uploads\/2023\/10\/Credoalsaceviewsq-180x180.jpg 180w, https:\/\/johnfeatherstone.com\/wp-content\/uploads\/2023\/10\/Credoalsaceviewsq-120x120.jpg 120w, https:\/\/johnfeatherstone.com\/wp-content\/uploads\/2023\/10\/Credoalsaceviewsq-450x450.jpg 450w, https:\/\/johnfeatherstone.com\/wp-content\/uploads\/2023\/10\/Credoalsaceviewsq-100x100.jpg 100w\" sizes=\"(max-width: 595px) 100vw, 595px\" \/><\/div><\/div><\/div><br \/>\n\n<style type=\"text\/css\" data-created_by=\"avia_inline_auto\" id=\"style-css-av-1rtjr-586ecd749126e8248348c45187100666\">\n#top .hr.hr-invisible.av-1rtjr-586ecd749126e8248348c45187100666{\nheight:30px;\n}\n<\/style>\n<div  class='hr av-1rtjr-586ecd749126e8248348c45187100666 hr-invisible  avia-builder-el-13  el_after_av_image  el_before_av_textblock '><span class='hr-inner '><span class=\"hr-inner-style\"><\/span><\/span><\/div><br \/>\n<section  class='av_textblock_section av-lnxvbnvu-69f8e145b585ebc21c774699b7a0b649 '   itemscope=\"itemscope\" itemtype=\"https:\/\/schema.org\/CreativeWork\" ><div class='avia_textblock'  itemprop=\"text\" ><h4 class=\"shared_content\" data-content-guid=\"u1286940-4_content\"><span class=\"Body-raleway-14-dark-grey\">In concert<\/span><\/h4>\n<p id=\"u1286940-7\" class=\"shared_content\" data-content-guid=\"u1286940-7_content\"><span class=\"shared_content\" data-content-guid=\"u1286940-54_4_content\">Among the concert performances : Le Temple St Etienne, Mulhouse, Le Temple Neuf, Strasbourg, l&#8217;Eglise St Matthieu, Colmar, la Basilique Fourvi\u00e8re, Lyon, the Cathedrals of Orl\u00e9ans, Aix, Vienne and Evry, the <a href=\"https:\/\/clermont-auvergne-opera.com\/\" target=\"_blank\" rel=\"noopener\">Op\u00e9ra de Clermont-Ferrand<\/a>,The Th\u00e9\u00e2tre du Scarab\u00e9e, Chamb\u00e9ry \u2026. and in its English version at <a href=\"https:\/\/www.westroad.org\/\" target=\"_blank\" rel=\"noopener\">West Road concert hall<\/a>, Cambridge et at <a href=\"https:\/\/www.guildford-cathedral.org\/\" target=\"_blank\" rel=\"noopener\">Guildford Cathedral.<\/a><br \/>\n<\/span><\/p>\n<p data-content-guid=\"u1286940-7_content\"><a href=\"https:\/\/springsdancecompany.org.uk\/\" target=\"_blank\" rel=\"noopener\">Springs Dance Company<\/a> also collaborated with two vocal quartets for certain events.<\/p>\n<\/div><\/section><\/p><\/div><div  class='flex_column av-2afor-b1cbd738f2802f5b8dc449d34d371803 av_one_third  avia-builder-el-15  el_after_av_one_third  avia-builder-el-last  flex_column_div  column-top-margin'     ><p>\n<style type=\"text\/css\" data-created_by=\"avia_inline_auto\" id=\"style-css-av-1db0n-a22e631eb6979ec87d55f9b4c1caff2a\">\n.avia-image-container.av-1db0n-a22e631eb6979ec87d55f9b4c1caff2a img.avia_image{\nbox-shadow:none;\n}\n.avia-image-container.av-1db0n-a22e631eb6979ec87d55f9b4c1caff2a .av-image-caption-overlay-center{\ncolor:#ffffff;\n}\n<\/style>\n<div  class='avia-image-container av-1db0n-a22e631eb6979ec87d55f9b4c1caff2a av-styling- avia-align-center  avia-builder-el-16  el_before_av_hr  avia-builder-el-first '   itemprop=\"image\" itemscope=\"itemscope\" itemtype=\"https:\/\/schema.org\/ImageObject\" ><div class=\"avia-image-container-inner\"><div class=\"avia-image-overlay-wrap\"><img decoding=\"async\" class='wp-image-320 avia-img-lazy-loading-not-320 avia_image ' src=\"https:\/\/johnfeatherstone.com\/wp-content\/uploads\/2023\/10\/Scoreandcupsquareweb.jpg\" alt='' title='Scoreandcupsquareweb'  height=\"595\" width=\"596\"  itemprop=\"thumbnailUrl\" srcset=\"https:\/\/johnfeatherstone.com\/wp-content\/uploads\/2023\/10\/Scoreandcupsquareweb.jpg 596w, https:\/\/johnfeatherstone.com\/wp-content\/uploads\/2023\/10\/Scoreandcupsquareweb-300x300.jpg 300w, https:\/\/johnfeatherstone.com\/wp-content\/uploads\/2023\/10\/Scoreandcupsquareweb-80x80.jpg 80w, https:\/\/johnfeatherstone.com\/wp-content\/uploads\/2023\/10\/Scoreandcupsquareweb-36x36.jpg 36w, https:\/\/johnfeatherstone.com\/wp-content\/uploads\/2023\/10\/Scoreandcupsquareweb-180x180.jpg 180w, https:\/\/johnfeatherstone.com\/wp-content\/uploads\/2023\/10\/Scoreandcupsquareweb-120x120.jpg 120w, https:\/\/johnfeatherstone.com\/wp-content\/uploads\/2023\/10\/Scoreandcupsquareweb-450x449.jpg 450w, https:\/\/johnfeatherstone.com\/wp-content\/uploads\/2023\/10\/Scoreandcupsquareweb-100x100.jpg 100w\" sizes=\"(max-width: 596px) 100vw, 596px\" \/><\/div><\/div><\/div><br \/>\n\n<style type=\"text\/css\" data-created_by=\"avia_inline_auto\" id=\"style-css-av-tffj-54c721a4251d8841417bde22882b81ae\">\n#top .hr.hr-invisible.av-tffj-54c721a4251d8841417bde22882b81ae{\nheight:30px;\n}\n<\/style>\n<div  class='hr av-tffj-54c721a4251d8841417bde22882b81ae hr-invisible  avia-builder-el-17  el_after_av_image  el_before_av_textblock '><span class='hr-inner '><span class=\"hr-inner-style\"><\/span><\/span><\/div><br \/>\n<section  class='av_textblock_section av-lnxvci40-9ff75c689e8948d7422b0f72ea7b6da2 '   itemscope=\"itemscope\" itemtype=\"https:\/\/schema.org\/CreativeWork\" ><div class='avia_textblock'  itemprop=\"text\" ><h4><strong>Scores avaiable<br \/>\n<\/strong><\/h4>\n<p>Grand score for conductor<br \/>\nVocal scores<br \/>\nInstrumental scores<\/p>\n<p>String quartet : Violin 1, Violin 2, Viola, Cello<br \/>\nWind quartet : Flute, Clarinet, Oboe, Sax (soprano, alto and tennor)<br \/>\nRhythm section : Piano, Keyboard, Guitars (accoustic and electric), Bass, Drums, Percussion x 2<\/p>\n<p>An instrumental track is also available for choirs without access to instrumentalists or for rehearsal purposes<\/p>\n<p>Contact us to find out more<\/p>\n<\/div><\/section><\/p><\/div><\/p>\n","protected":false},"excerpt":{"rendered":"","protected":false},"author":1,"featured_media":0,"parent":875,"menu_order":2,"comment_status":"closed","ping_status":"closed","template":"","meta":{"footnotes":""},"class_list":["post-902","page","type-page","status-publish","hentry"],"_links":{"self":[{"href":"https:\/\/johnfeatherstone.com\/en\/wp-json\/wp\/v2\/pages\/902","targetHints":{"allow":["GET"]}}],"collection":[{"href":"https:\/\/johnfeatherstone.com\/en\/wp-json\/wp\/v2\/pages"}],"about":[{"href":"https:\/\/johnfeatherstone.com\/en\/wp-json\/wp\/v2\/types\/page"}],"author":[{"embeddable":true,"href":"https:\/\/johnfeatherstone.com\/en\/wp-json\/wp\/v2\/users\/1"}],"replies":[{"embeddable":true,"href":"https:\/\/johnfeatherstone.com\/en\/wp-json\/wp\/v2\/comments?post=902"}],"version-history":[{"count":4,"href":"https:\/\/johnfeatherstone.com\/en\/wp-json\/wp\/v2\/pages\/902\/revisions"}],"predecessor-version":[{"id":1269,"href":"https:\/\/johnfeatherstone.com\/en\/wp-json\/wp\/v2\/pages\/902\/revisions\/1269"}],"up":[{"embeddable":true,"href":"https:\/\/johnfeatherstone.com\/en\/wp-json\/wp\/v2\/pages\/875"}],"wp:attachment":[{"href":"https:\/\/johnfeatherstone.com\/en\/wp-json\/wp\/v2\/media?parent=902"}],"curies":[{"name":"wp","href":"https:\/\/api.w.org\/{rel}","templated":true}]}}