{"id":905,"date":"2023-10-19T23:35:41","date_gmt":"2023-10-19T23:35:41","guid":{"rendered":"https:\/\/johnfeatherstone.com\/choral\/the-trilogy-of-cantatas\/"},"modified":"2025-06-13T15:32:52","modified_gmt":"2025-06-13T15:32:52","slug":"the-trilogy-of-cantatas","status":"publish","type":"page","link":"https:\/\/johnfeatherstone.com\/en\/choral\/the-trilogy-of-cantatas\/","title":{"rendered":"The Trilogy of Cantatas"},"content":{"rendered":"<div  class='flex_column av-4gtal-f4cfdb42d7ef6725f930e61d1fbfcfd5 av_one_full  avia-builder-el-0  el_before_av_one_third  avia-builder-el-first  first flex_column_div  '     ><section  class='av_textblock_section av-lo08jpzn-bf19d8ebe658469f1e706fd3641a26c1 '   itemscope=\"itemscope\" itemtype=\"https:\/\/schema.org\/CreativeWork\" ><div class='avia_textblock'  itemprop=\"text\" ><h4 style=\"text-align: center;\">THE TRILOGY OF CANTATAS<\/h4>\n<\/div><\/section><\/div>\n<div  class='flex_column av-3tgbl-288bf301f67896664506b1d1e8ea5ff6 av_one_third  avia-builder-el-2  el_after_av_one_full  el_before_av_one_third  first flex_column_div  column-top-margin'     ><p>\n<style type=\"text\/css\" data-created_by=\"avia_inline_auto\" id=\"style-css-av-lo08lg3u-c71a2137070d2f75c2abd61d94c9a5dd\">\n.avia-image-container.av-lo08lg3u-c71a2137070d2f75c2abd61d94c9a5dd img.avia_image{\nbox-shadow:none;\n}\n.avia-image-container.av-lo08lg3u-c71a2137070d2f75c2abd61d94c9a5dd .av-image-caption-overlay-center{\ncolor:#ffffff;\n}\n<\/style>\n<div  class='avia-image-container av-lo08lg3u-c71a2137070d2f75c2abd61d94c9a5dd av-styling- avia-align-center  avia-builder-el-3  el_before_av_textblock  avia-builder-el-first '   itemprop=\"image\" itemscope=\"itemscope\" itemtype=\"https:\/\/schema.org\/ImageObject\" ><div class=\"avia-image-container-inner\"><div class=\"avia-image-overlay-wrap\"><img decoding=\"async\" class='wp-image-64 avia-img-lazy-loading-not-64 avia_image ' src=\"https:\/\/johnfeatherstone.com\/wp-content\/uploads\/2023\/10\/01-Voici-Noel--300x300.jpg\" alt='' title='01 Voici No\u00ebl'  height=\"300\" width=\"300\"  itemprop=\"thumbnailUrl\" srcset=\"https:\/\/johnfeatherstone.com\/wp-content\/uploads\/2023\/10\/01-Voici-Noel--300x300.jpg 300w, https:\/\/johnfeatherstone.com\/wp-content\/uploads\/2023\/10\/01-Voici-Noel--100x100.jpg 100w, https:\/\/johnfeatherstone.com\/wp-content\/uploads\/2023\/10\/01-Voici-Noel--600x600.jpg 600w, https:\/\/johnfeatherstone.com\/wp-content\/uploads\/2023\/10\/01-Voici-Noel--1030x1030.jpg 1030w, https:\/\/johnfeatherstone.com\/wp-content\/uploads\/2023\/10\/01-Voici-Noel--80x80.jpg 80w, https:\/\/johnfeatherstone.com\/wp-content\/uploads\/2023\/10\/01-Voici-Noel--768x768.jpg 768w, https:\/\/johnfeatherstone.com\/wp-content\/uploads\/2023\/10\/01-Voici-Noel--36x36.jpg 36w, https:\/\/johnfeatherstone.com\/wp-content\/uploads\/2023\/10\/01-Voici-Noel--180x180.jpg 180w, https:\/\/johnfeatherstone.com\/wp-content\/uploads\/2023\/10\/01-Voici-Noel--705x705.jpg 705w, https:\/\/johnfeatherstone.com\/wp-content\/uploads\/2023\/10\/01-Voici-Noel-.jpg 1400w\" sizes=\"(max-width: 300px) 100vw, 300px\" \/><\/div><\/div><\/div><br \/>\n<section  class='av_textblock_section av-lo08o7sm-e6066dfbae9162484b633ea30494e4cf '   itemscope=\"itemscope\" itemtype=\"https:\/\/schema.org\/CreativeWork\" ><div class='avia_textblock'  itemprop=\"text\" ><section class=\"av_textblock_section av-k9k3d0f8-471b1a360d359f9f2c5b1c9e2e83ff19\">\n<div class=\"avia_textblock\">\n<p style=\"text-align: center;\"><strong>Voici No\u00ebl<\/strong><\/p>\n<p style=\"text-align: center;\">A celebration of the coming of Christ to earth : the story of the incarnation from Genesis until the birht of Christ.<\/p>\n<\/div>\n<\/section>\n<div class=\"hr av-1kop6-0cc31b107fd2b14046714967bd26f630 hr-invisible avia-builder-el-6 el_after_av_textblock el_before_av_codeblock \"><\/div>\n<section class=\"avia_codeblock_section avia_code_block_0\"><\/section>\n<\/div><\/section><br \/>\n<div  class='avia-button-wrap av-lo0a6ym7-68a6183805350e829e7eca14de85689a-wrap avia-button-center  avia-builder-el-5  el_after_av_textblock  avia-builder-el-last '><a href='https:\/\/johnfeatherstone.com\/en\/product\/voici-noel\/'  class='avia-button av-lo0a6ym7-68a6183805350e829e7eca14de85689a avia-icon_select-no avia-size-small avia-position-center avia-color-theme-color'  ><span class='avia_iconbox_title' >BUY THE CD<\/span><\/a><\/div><\/p><\/div><div  class='flex_column av-3gxh1-051813d50240bf8cff1771119b6453f9 av_one_third  avia-builder-el-6  el_after_av_one_third  el_before_av_one_third  flex_column_div  column-top-margin'     ><p>\n<style type=\"text\/css\" data-created_by=\"avia_inline_auto\" id=\"style-css-av-lo08lqf0-10819f3e2c47d2d73880c42fc8c4e833\">\n.avia-image-container.av-lo08lqf0-10819f3e2c47d2d73880c42fc8c4e833 img.avia_image{\nbox-shadow:none;\n}\n.avia-image-container.av-lo08lqf0-10819f3e2c47d2d73880c42fc8c4e833 .av-image-caption-overlay-center{\ncolor:#ffffff;\n}\n<\/style>\n<div  class='avia-image-container av-lo08lqf0-10819f3e2c47d2d73880c42fc8c4e833 av-styling- avia-align-center  avia-builder-el-7  el_before_av_textblock  avia-builder-el-first '   itemprop=\"image\" itemscope=\"itemscope\" itemtype=\"https:\/\/schema.org\/ImageObject\" ><div class=\"avia-image-container-inner\"><div class=\"avia-image-overlay-wrap\"><img decoding=\"async\" class='wp-image-66 avia-img-lazy-loading-not-66 avia_image ' src=\"https:\/\/johnfeatherstone.com\/wp-content\/uploads\/2023\/10\/Vie-sur-Terre-300x300.jpg\" alt='' title='Vie sur Terre'  height=\"300\" width=\"300\"  itemprop=\"thumbnailUrl\" srcset=\"https:\/\/johnfeatherstone.com\/wp-content\/uploads\/2023\/10\/Vie-sur-Terre-300x300.jpg 300w, https:\/\/johnfeatherstone.com\/wp-content\/uploads\/2023\/10\/Vie-sur-Terre-100x100.jpg 100w, https:\/\/johnfeatherstone.com\/wp-content\/uploads\/2023\/10\/Vie-sur-Terre-600x600.jpg 600w, https:\/\/johnfeatherstone.com\/wp-content\/uploads\/2023\/10\/Vie-sur-Terre-1030x1030.jpg 1030w, https:\/\/johnfeatherstone.com\/wp-content\/uploads\/2023\/10\/Vie-sur-Terre-80x80.jpg 80w, https:\/\/johnfeatherstone.com\/wp-content\/uploads\/2023\/10\/Vie-sur-Terre-768x768.jpg 768w, https:\/\/johnfeatherstone.com\/wp-content\/uploads\/2023\/10\/Vie-sur-Terre-36x36.jpg 36w, https:\/\/johnfeatherstone.com\/wp-content\/uploads\/2023\/10\/Vie-sur-Terre-180x180.jpg 180w, https:\/\/johnfeatherstone.com\/wp-content\/uploads\/2023\/10\/Vie-sur-Terre-705x705.jpg 705w, https:\/\/johnfeatherstone.com\/wp-content\/uploads\/2023\/10\/Vie-sur-Terre.jpg 1400w\" sizes=\"(max-width: 300px) 100vw, 300px\" \/><\/div><\/div><\/div><br \/>\n<section  class='av_textblock_section av-lo08pi0m-6a1e7907450d789de2106e3733adb368 '   itemscope=\"itemscope\" itemtype=\"https:\/\/schema.org\/CreativeWork\" ><div class='avia_textblock'  itemprop=\"text\" ><section class=\"av_textblock_section av-k9k3d0f8-471b1a360d359f9f2c5b1c9e2e83ff19\">\n<div class=\"avia_textblock\">\n<p style=\"text-align: center;\"><strong>Vie sur Terre<\/strong><\/p>\n<p style=\"text-align: center;\">Takes us in the steps of Christ, from his baptism until his entry into Jerusalem, to celebrate the most remarkable of lives on earth.<\/p>\n<\/div>\n<\/section>\n<div class=\"hr av-1kop6-0cc31b107fd2b14046714967bd26f630 hr-invisible avia-builder-el-6 el_after_av_textblock el_before_av_codeblock \"><\/div>\n<section class=\"avia_codeblock_section avia_code_block_0\"><\/section>\n<\/div><\/section><br \/>\n<div  class='avia-button-wrap av-lo0a7dmi-edb81f4259c518e1f549ccb41ba419c0-wrap avia-button-center  avia-builder-el-9  el_after_av_textblock  avia-builder-el-last '><a href='https:\/\/johnfeatherstone.com\/en\/product\/vie-sur-terre\/'  class='avia-button av-lo0a7dmi-edb81f4259c518e1f549ccb41ba419c0 avia-icon_select-no avia-size-small avia-position-center avia-color-theme-color'  ><span class='avia_iconbox_title' >BUY THE CD<\/span><\/a><\/div><\/p><\/div><div  class='flex_column av-8w5p-f6f04e12db11c8d8b7c182fb8f294580 av_one_third  avia-builder-el-10  el_after_av_one_third  el_before_av_one_half  flex_column_div  column-top-margin'     ><p>\n<style type=\"text\/css\" data-created_by=\"avia_inline_auto\" id=\"style-css-av-lo08m2w3-323997af8528484de73c16efb7d5a894\">\n.avia-image-container.av-lo08m2w3-323997af8528484de73c16efb7d5a894 img.avia_image{\nbox-shadow:none;\n}\n.avia-image-container.av-lo08m2w3-323997af8528484de73c16efb7d5a894 .av-image-caption-overlay-center{\ncolor:#ffffff;\n}\n<\/style>\n<div  class='avia-image-container av-lo08m2w3-323997af8528484de73c16efb7d5a894 av-styling- avia-align-center  avia-builder-el-11  el_before_av_textblock  avia-builder-el-first '   itemprop=\"image\" itemscope=\"itemscope\" itemtype=\"https:\/\/schema.org\/ImageObject\" ><div class=\"avia-image-container-inner\"><div class=\"avia-image-overlay-wrap\"><img decoding=\"async\" class='wp-image-65 avia-img-lazy-loading-not-65 avia_image ' src=\"https:\/\/johnfeatherstone.com\/wp-content\/uploads\/2023\/10\/Chemin-de-Paques-300x300.jpg\" alt='' title='Chemin de P\u00e2ques'  height=\"300\" width=\"300\"  itemprop=\"thumbnailUrl\" srcset=\"https:\/\/johnfeatherstone.com\/wp-content\/uploads\/2023\/10\/Chemin-de-Paques-300x300.jpg 300w, https:\/\/johnfeatherstone.com\/wp-content\/uploads\/2023\/10\/Chemin-de-Paques-100x100.jpg 100w, https:\/\/johnfeatherstone.com\/wp-content\/uploads\/2023\/10\/Chemin-de-Paques-600x600.jpg 600w, https:\/\/johnfeatherstone.com\/wp-content\/uploads\/2023\/10\/Chemin-de-Paques-1030x1030.jpg 1030w, https:\/\/johnfeatherstone.com\/wp-content\/uploads\/2023\/10\/Chemin-de-Paques-80x80.jpg 80w, https:\/\/johnfeatherstone.com\/wp-content\/uploads\/2023\/10\/Chemin-de-Paques-768x768.jpg 768w, https:\/\/johnfeatherstone.com\/wp-content\/uploads\/2023\/10\/Chemin-de-Paques-36x36.jpg 36w, https:\/\/johnfeatherstone.com\/wp-content\/uploads\/2023\/10\/Chemin-de-Paques-180x180.jpg 180w, https:\/\/johnfeatherstone.com\/wp-content\/uploads\/2023\/10\/Chemin-de-Paques-705x705.jpg 705w, https:\/\/johnfeatherstone.com\/wp-content\/uploads\/2023\/10\/Chemin-de-Paques.jpg 1400w\" sizes=\"(max-width: 300px) 100vw, 300px\" \/><\/div><\/div><\/div><br \/>\n<section  class='av_textblock_section av-lo08q9j5-4b478277ec824428d5808886e4f6a66c '   itemscope=\"itemscope\" itemtype=\"https:\/\/schema.org\/CreativeWork\" ><div class='avia_textblock'  itemprop=\"text\" ><section class=\"av_textblock_section av-k9k3d0f8-471b1a360d359f9f2c5b1c9e2e83ff19\">\n<div class=\"avia_textblock\">\n<p style=\"text-align: center;\"><strong>Chemin de P\u00e2ques<\/strong><\/p>\n<p style=\"text-align: center;\">Takes us through Holy Week, from Jesus&#8217; entry into Jerusalem until his death and resurrection<\/p>\n<\/div>\n<\/section>\n<div class=\"hr av-1kop6-0cc31b107fd2b14046714967bd26f630 hr-invisible avia-builder-el-6 el_after_av_textblock el_before_av_codeblock \"><\/div>\n<section class=\"avia_codeblock_section avia_code_block_0\"><\/section>\n<\/div><\/section><br \/>\n\n<style type=\"text\/css\" data-created_by=\"avia_inline_auto\" id=\"style-css-av-lo0a870v-0af60fbf2a82e0155bf7181403c40c9f\">\n#top .hr.hr-invisible.av-lo0a870v-0af60fbf2a82e0155bf7181403c40c9f{\nheight:20px;\n}\n<\/style>\n<div  class='hr av-lo0a870v-0af60fbf2a82e0155bf7181403c40c9f hr-invisible  avia-builder-el-13  el_after_av_textblock  el_before_av_button '><span class='hr-inner '><span class=\"hr-inner-style\"><\/span><\/span><\/div><br \/>\n<div  class='avia-button-wrap av-2iuxh-766179c98ab20a12ce4485869c359020-wrap avia-button-center  avia-builder-el-14  el_after_av_hr  avia-builder-el-last '><a href='https:\/\/johnfeatherstone.com\/en\/product\/chemin-de-paques\/'  class='avia-button av-2iuxh-766179c98ab20a12ce4485869c359020 avia-icon_select-no avia-size-small avia-position-center avia-color-theme-color'  ><span class='avia_iconbox_title' >BUY THE CD<\/span><\/a><\/div><\/p><\/div><div  class='flex_column av-29uut-5c9893204c1d7517da6d1d876334ef2c av_one_half  avia-builder-el-15  el_after_av_one_third  el_before_av_one_half  first flex_column_div  column-top-margin'     ><div  class='avia-video av-lo09kvqz-14fbb1192ad377bb5eba21b58eb740ff avia-video-16-9 av-no-preview-image avia-video-load-always av-lazyload-immediate av-lazyload-video-embed'  itemprop=\"video\" itemtype=\"https:\/\/schema.org\/VideoObject\"  data-original_url='https:\/\/youtu.be\/sO7wgTiUAAA?si=1r6mWGxH9dcrY8bV'><script type='text\/html' class='av-video-tmpl'><div class='avia-iframe-wrap'><iframe loading=\"lazy\" title=\"R\u00e9p\u00e9tition Voici No\u00ebl 2015 pour concerts 4, 5, 6 d\u00e9cembre\" width=\"1500\" height=\"844\" src=\"https:\/\/www.youtube.com\/embed\/sO7wgTiUAAA?feature=oembed&autoplay=0&loop=0&controls=1&mute=0\" frameborder=\"0\" allow=\"accelerometer; autoplay; clipboard-write; encrypted-media; gyroscope; picture-in-picture; web-share\" allowfullscreen><\/iframe><\/div><\/script><div class='av-click-to-play-overlay'><div class=\"avia_playpause_icon\"><\/div><\/div><\/div><\/div><div  class='flex_column av-1a67l-862d1db14e49ad323f9302b9fffe1395 av_one_half  avia-builder-el-17  el_after_av_one_half  el_before_av_one_third  flex_column_div  column-top-margin'     ><section  class='av_textblock_section av-14505-1555d62cf99245eca78b212a9c59ced7 '   itemscope=\"itemscope\" itemtype=\"https:\/\/schema.org\/CreativeWork\" ><div class='avia_textblock'  itemprop=\"text\" ><h4>Sing it with a choir<\/h4>\n<p>These works are available to choirs wishing to give a concert at key moments of the year.<\/p>\n<p>The following tools will help you to prepare your project :<\/p>\n<ul>\n<li>choral scores<\/li>\n<li>mp3s for rehearsing each part<\/li>\n<li>instrumental tracks<\/li>\n<li>instrumental scores for those who would like to take up the challenge of performing with live music rather than a track<\/li>\n<\/ul>\n<p>These cantatas have already been produced by a large number of amateur choirs in the French speaking world (France, Belgium, Switzerland, Quebec, the French West Indies, Cameroun) with success These cantatas are achieveable for amateur choirs, potentially open to a broad public, and can offer a source of unity for interdenominational projects.<\/p>\n<p>Please contact us for further information.<\/p>\n<\/div><\/section><\/div><\/p>\n<div  class='flex_column av-2d2ad-4b731dc30308cd5f5d5771adac49502e av_one_third  avia-builder-el-19  el_after_av_one_half  el_before_av_one_third  first flex_column_div  column-top-margin'     ><\/div><div  class='flex_column av-1aln5-df0137382b7d44767cb637251f619126 av_one_third  avia-builder-el-21  el_after_av_one_third  el_before_av_one_third  flex_column_div  column-top-margin'     ><\/div><div  class='flex_column av-y0xx-0b40270a9b02a7a8bbd63fdbdfe52f27 av_one_third  avia-builder-el-23  el_after_av_one_third  avia-builder-el-last  flex_column_div  column-top-margin'     ><\/div><\/p>\n","protected":false},"excerpt":{"rendered":"","protected":false},"author":1,"featured_media":0,"parent":875,"menu_order":3,"comment_status":"closed","ping_status":"closed","template":"","meta":{"footnotes":""},"class_list":["post-905","page","type-page","status-publish","hentry"],"_links":{"self":[{"href":"https:\/\/johnfeatherstone.com\/en\/wp-json\/wp\/v2\/pages\/905","targetHints":{"allow":["GET"]}}],"collection":[{"href":"https:\/\/johnfeatherstone.com\/en\/wp-json\/wp\/v2\/pages"}],"about":[{"href":"https:\/\/johnfeatherstone.com\/en\/wp-json\/wp\/v2\/types\/page"}],"author":[{"embeddable":true,"href":"https:\/\/johnfeatherstone.com\/en\/wp-json\/wp\/v2\/users\/1"}],"replies":[{"embeddable":true,"href":"https:\/\/johnfeatherstone.com\/en\/wp-json\/wp\/v2\/comments?post=905"}],"version-history":[{"count":7,"href":"https:\/\/johnfeatherstone.com\/en\/wp-json\/wp\/v2\/pages\/905\/revisions"}],"predecessor-version":[{"id":1275,"href":"https:\/\/johnfeatherstone.com\/en\/wp-json\/wp\/v2\/pages\/905\/revisions\/1275"}],"up":[{"embeddable":true,"href":"https:\/\/johnfeatherstone.com\/en\/wp-json\/wp\/v2\/pages\/875"}],"wp:attachment":[{"href":"https:\/\/johnfeatherstone.com\/en\/wp-json\/wp\/v2\/media?parent=905"}],"curies":[{"name":"wp","href":"https:\/\/api.w.org\/{rel}","templated":true}]}}