{"id":162,"date":"2023-10-20T08:44:38","date_gmt":"2023-10-20T08:44:38","guid":{"rendered":"https:\/\/johnfeatherstone.com\/product\/te-deum\/"},"modified":"2023-10-27T19:33:20","modified_gmt":"2023-10-27T19:33:20","slug":"te-deum","status":"publish","type":"product","link":"https:\/\/johnfeatherstone.com\/en\/product\/te-deum\/","title":{"rendered":"Te Deum"},"content":{"rendered":"<p>Classique-jazz-gospel : au-del\u00e0 des fronti\u00e8res<br \/>\nUne mise en musique multi-ch\u0153ur du texte ancien du Te Deum pour trois ensembles vocaux contrast\u00e9s, accompagn\u00e9s de piano, percus contrebasse et sax. En fran\u00e7ais, anglais et latin<\/p>\n<p>Classical-jazz-gospel: beyond musical frontiers<br \/>\nA multi-choir setting of the ancient text of the Te Deum for three contrasting vocal ensembles, accompanied by piano, percussion, double-bass and sax. In English, French and latin<br \/>\ncredits<br \/>\nreleased July 24, 2017<\/p>\n<p>Production &amp; arrangements : John FEATHERSTONE &amp; Dave Leonard COOKE<\/p>\n<p>Recorded at REAL WORLD studios (Patrick PHILLIPS), SNAP Studios &amp; RESERVOIR Studios, London (Tony HARRIS), PIANOSERVICE, Maurepas, THE PIANO CABIN, Essex, LES SOLANEES, Paris<br \/>\nMixed by Tony HARRIS at NEW RIVER Studios, London<br \/>\nMastered by David BLACKMAN at HILTONGROVE Mastering, Essex<\/p>\n<p>Piano: Dave Leonard COOKE<br \/>\nDouble bass: Tom WALLEY<br \/>\nPercussion: Pedro SEGUNDO<br \/>\nSax: Pete LONG<\/p>\n<p>Classical choir: BATH CAMERATA www.bathcamerata.co.uk<br \/>\nConductor: Benjamin GOODSON<\/p>\n<p>English Jazz-Gospel choir<br \/>\nConductor: Dave Leonard COOKE<br \/>\nSopranos: Sara BRIMER DAVEY, Emily HOLLIGAN 4, 10, Jules RENDELL, Clare WHEELER<br \/>\nAltos: Alison BECK, Hannah CLAIR, Lizzie DEANE 7, Harriet SYNDERCOMBE-COURT<br \/>\nTenors: James FRANCIS 4, 10, Nick GIRARD, Jon SMITH 7<br \/>\nBasses: Matthew FEATHERSTONE 4, Paul LEE 1, Herbie JOSEPH<\/p>\n<p>Quatuor vocal Jazz-Gospel fran\u00e7ais<br \/>\nSoprano: MYRA-MAUD, Alto: Hannah CLAIR, Tenor: Jean-Michel BEAUBRUN, Bass: Matthew FEATHERSTONE<\/p>\n<p>Cover picture: by Tomasz MARCZEWSKI, used with permission.<br \/>\nGraphic design: Mike THORPE<br \/>\nPhotos: Alfredo SALAZAR (back cover), Mary FEATHERSTONE, Catherine CONSIDINE<br \/>\nlicense<br \/>\nall rights reserved<\/p>\n","protected":false},"excerpt":{"rendered":"<p>Classique-jazz-gospel : au-del\u00e0 des fronti\u00e8res<\/p>\n","protected":false},"featured_media":68,"comment_status":"open","ping_status":"closed","template":"","meta":[],"product_brand":[],"product_cat":[42,29,30],"product_tag":[],"class_list":{"0":"post-162","1":"product","2":"type-product","3":"status-publish","4":"has-post-thumbnail","6":"product_cat-albums","7":"product_cat-cd","8":"product_cat-choral","10":"first","11":"instock","12":"shipping-taxable","13":"purchasable","14":"product-type-simple"},"_links":{"self":[{"href":"https:\/\/johnfeatherstone.com\/en\/wp-json\/wp\/v2\/product\/162","targetHints":{"allow":["GET"]}}],"collection":[{"href":"https:\/\/johnfeatherstone.com\/en\/wp-json\/wp\/v2\/product"}],"about":[{"href":"https:\/\/johnfeatherstone.com\/en\/wp-json\/wp\/v2\/types\/product"}],"replies":[{"embeddable":true,"href":"https:\/\/johnfeatherstone.com\/en\/wp-json\/wp\/v2\/comments?post=162"}],"wp:featuredmedia":[{"embeddable":true,"href":"https:\/\/johnfeatherstone.com\/en\/wp-json\/wp\/v2\/media\/68"}],"wp:attachment":[{"href":"https:\/\/johnfeatherstone.com\/en\/wp-json\/wp\/v2\/media?parent=162"}],"wp:term":[{"taxonomy":"product_brand","embeddable":true,"href":"https:\/\/johnfeatherstone.com\/en\/wp-json\/wp\/v2\/product_brand?post=162"},{"taxonomy":"product_cat","embeddable":true,"href":"https:\/\/johnfeatherstone.com\/en\/wp-json\/wp\/v2\/product_cat?post=162"},{"taxonomy":"product_tag","embeddable":true,"href":"https:\/\/johnfeatherstone.com\/en\/wp-json\/wp\/v2\/product_tag?post=162"}],"curies":[{"name":"wp","href":"https:\/\/api.w.org\/{rel}","templated":true}]}}