{"id":164,"date":"2023-10-20T08:44:39","date_gmt":"2023-10-20T08:44:39","guid":{"rendered":"https:\/\/johnfeatherstone.com\/product\/degres\/"},"modified":"2023-10-27T19:33:02","modified_gmt":"2023-10-27T19:33:02","slug":"degres","status":"publish","type":"product","link":"https:\/\/johnfeatherstone.com\/en\/product\/degres\/","title":{"rendered":"Degr\u00e9s"},"content":{"rendered":"<p>Chants d&#8217;assembl\u00e9e &#8211; songs for church worship &#8211; en fran\u00e7ais<\/p>\n<p>15 chants pour rythmer la progression du culte: accueillir, louer, demander pardon, b\u00e9nir \u2026<\/p>\n<p>Une musique de styles vari\u00e9s pour refl\u00e9ter la diversit\u00e9 des \u00e9glises.<\/p>\n<p>Oct 1, 2011<\/p>\n<p>Composition musicale : John FEATHERSTONE<\/p>\n<p>Ecriture textuelle : Alexandre ANTOINE (1, 7)<br \/>\nGilles BOUCOMONT (2, 4, 6, 10)<br \/>\nJohn FEATHERSTONE (3, 9, 12, 13, 14, 15)<br \/>\nJean-Luc GADREAU (5, 8, 11)<\/p>\n<p>R\u00e9alisation : John FEATHERSTONE<br \/>\nArrangements : John FEATHERSTONE et Dave LEONARD<\/p>\n<p>Prise de son : John FEATHERSTONE et Tony HARRIS<br \/>\nMixage : Tony HARRIS, New River Studios, LONDRES, GB<br \/>\nMastering : Dave BLACKMAN, Hiltongrove Mastering, LONDRES, GB<\/p>\n<p>Fl\u00fbte : Matthew FEATHERSTONE<br \/>\nHautbois : Katie BENNINGTON<br \/>\nClarinette : Sarah BROWN<br \/>\nSaxophone : Uwe STEINMETZ<br \/>\nVioloncelle : Philippe GYAN<br \/>\nPiano et claviers : Dave LEONARD<br \/>\nGuitares : John FEATHERSTONE<br \/>\nBatterie : David ALLEVARD<\/p>\n<p>Choristes :<br \/>\nPascale BENMANN, Marie BRETON, Hannah CLAIR, Judith FLESSEL-TOTO, Corinne SAHRAOUI,<br \/>\nJean-Michel BEAUBRUN, John FEATHERSTONE, Matthew FEATHERSTONE, David FLESSEL<\/p>\n<p>Conception graphique : Mike THORPE, Design Chapel<\/p>\n","protected":false},"excerpt":{"rendered":"<p>15 chants pour rythmer la progression du culte<\/p>\n","protected":false},"featured_media":69,"comment_status":"open","ping_status":"closed","template":"","meta":[],"product_brand":[],"product_cat":[42,29,37],"product_tag":[],"class_list":{"0":"post-164","1":"product","2":"type-product","3":"status-publish","4":"has-post-thumbnail","6":"product_cat-albums","7":"product_cat-cd","8":"product_cat-chants-2","10":"first","11":"instock","12":"shipping-taxable","13":"purchasable","14":"product-type-simple"},"_links":{"self":[{"href":"https:\/\/johnfeatherstone.com\/en\/wp-json\/wp\/v2\/product\/164","targetHints":{"allow":["GET"]}}],"collection":[{"href":"https:\/\/johnfeatherstone.com\/en\/wp-json\/wp\/v2\/product"}],"about":[{"href":"https:\/\/johnfeatherstone.com\/en\/wp-json\/wp\/v2\/types\/product"}],"replies":[{"embeddable":true,"href":"https:\/\/johnfeatherstone.com\/en\/wp-json\/wp\/v2\/comments?post=164"}],"wp:featuredmedia":[{"embeddable":true,"href":"https:\/\/johnfeatherstone.com\/en\/wp-json\/wp\/v2\/media\/69"}],"wp:attachment":[{"href":"https:\/\/johnfeatherstone.com\/en\/wp-json\/wp\/v2\/media?parent=164"}],"wp:term":[{"taxonomy":"product_brand","embeddable":true,"href":"https:\/\/johnfeatherstone.com\/en\/wp-json\/wp\/v2\/product_brand?post=164"},{"taxonomy":"product_cat","embeddable":true,"href":"https:\/\/johnfeatherstone.com\/en\/wp-json\/wp\/v2\/product_cat?post=164"},{"taxonomy":"product_tag","embeddable":true,"href":"https:\/\/johnfeatherstone.com\/en\/wp-json\/wp\/v2\/product_tag?post=164"}],"curies":[{"name":"wp","href":"https:\/\/api.w.org\/{rel}","templated":true}]}}