{"id":166,"date":"2023-10-20T08:44:40","date_gmt":"2023-10-20T08:44:40","guid":{"rendered":"https:\/\/johnfeatherstone.com\/product\/passage\/"},"modified":"2023-10-27T19:32:35","modified_gmt":"2023-10-27T19:32:35","slug":"passage","status":"publish","type":"product","link":"https:\/\/johnfeatherstone.com\/en\/product\/passage\/","title":{"rendered":"Passage"},"content":{"rendered":"<p>PASSAGE : La foi vue de loin<\/p>\n<p>Passage est un dialogue dans lequel l\u2019auditeur est invit\u00e9 \u00e0 rentrer. Il reconna\u00eetra, au fil des \u00e9changes, des moments de rejet et d\u2019ouverture, de confrontation et de mise en question. Le d\u00e9sir est de susciter un d\u00e9bat r\u00e9el.<\/p>\n<p>\u2018A pr\u00e9sent, nous sommes en dehors du monde, du mauvais c\u00f4t\u00e9 de la porte\u2019. C. S. LEWIS<\/p>\n<p>PASSAGE est d\u2019abord un spectacle \u00e9crit pour cinq voix et deux instruments. Le quatuor est soutenu par le piano, le sceptique s\u2019accompagne \u00e0 la guitare \u00e0 7 cordes.<\/p>\n<p>For English speakers, a pdf download of translated texts is an option with the album.<br \/>\ncredits<br \/>\nreleased November 5, 2009<\/p>\n<p>Composition et r\u00e9alisation : John FEATHERSTONE,<br \/>\nPrise de son : John FEATHERSTONE<br \/>\nMixage : Tony HARRIS, New River Studios, Londres, GB<br \/>\nMastering : Dave BLACKMAN pour Hiltongrove, Londres, GB<\/p>\n<p>Voix solo, guitare \u00e0 7 cordes et piano sur \u2018Juste pour Voir\u2019 : John FEATHERSTONE<br \/>\nPiano : Dave LEONARD<br \/>\nQuatuor (S-A-T-B) : Pascale BENMANN, Hannah FEATHERSTONE, Jean-Michel BEAUBRUN, Matthew FEATHERSTONE<\/p>\n<p>Photos : Marie BRETON (Paris), Catherine CONSIDINE (trio), Mary FEATHERSTONE (portrait), Gilles PLARD (quatuor)<br \/>\nConception graphique : Mike THORPE, The Design Chapel<\/p>\n","protected":false},"excerpt":{"rendered":"<p>PASSAGE : La foi vue de loin<\/p>\n","protected":false},"featured_media":67,"comment_status":"open","ping_status":"closed","template":"","meta":[],"product_brand":[],"product_cat":[42,29,30],"product_tag":[],"class_list":{"0":"post-166","1":"product","2":"type-product","3":"status-publish","4":"has-post-thumbnail","6":"product_cat-albums","7":"product_cat-cd","8":"product_cat-choral","10":"first","11":"instock","12":"shipping-taxable","13":"purchasable","14":"product-type-simple"},"_links":{"self":[{"href":"https:\/\/johnfeatherstone.com\/en\/wp-json\/wp\/v2\/product\/166","targetHints":{"allow":["GET"]}}],"collection":[{"href":"https:\/\/johnfeatherstone.com\/en\/wp-json\/wp\/v2\/product"}],"about":[{"href":"https:\/\/johnfeatherstone.com\/en\/wp-json\/wp\/v2\/types\/product"}],"replies":[{"embeddable":true,"href":"https:\/\/johnfeatherstone.com\/en\/wp-json\/wp\/v2\/comments?post=166"}],"wp:featuredmedia":[{"embeddable":true,"href":"https:\/\/johnfeatherstone.com\/en\/wp-json\/wp\/v2\/media\/67"}],"wp:attachment":[{"href":"https:\/\/johnfeatherstone.com\/en\/wp-json\/wp\/v2\/media?parent=166"}],"wp:term":[{"taxonomy":"product_brand","embeddable":true,"href":"https:\/\/johnfeatherstone.com\/en\/wp-json\/wp\/v2\/product_brand?post=166"},{"taxonomy":"product_cat","embeddable":true,"href":"https:\/\/johnfeatherstone.com\/en\/wp-json\/wp\/v2\/product_cat?post=166"},{"taxonomy":"product_tag","embeddable":true,"href":"https:\/\/johnfeatherstone.com\/en\/wp-json\/wp\/v2\/product_tag?post=166"}],"curies":[{"name":"wp","href":"https:\/\/api.w.org\/{rel}","templated":true}]}}