{"id":168,"date":"2023-10-20T08:44:40","date_gmt":"2023-10-20T08:44:40","guid":{"rendered":"https:\/\/johnfeatherstone.com\/product\/rien-de-nouveau\/"},"modified":"2023-10-27T19:31:56","modified_gmt":"2023-10-27T19:31:56","slug":"rien-de-nouveau","status":"publish","type":"product","link":"https:\/\/johnfeatherstone.com\/en\/product\/rien-de-nouveau\/","title":{"rendered":"Rien de Nouveau mp3"},"content":{"rendered":"<p>Chansons en fran\u00e7ais style auteur-compositeur interpr\u00e8te, avec claviers, guitares, percussions violoncelle, flute, ch\u0153urs.<\/p>\n<p>Oct 1, 2005<\/p>\n<p>Composition : Textes et musiques de John FEATHERSTONE 2005<br \/>\nSauf \u2018Violoncelle\u2019 : texte de Mich\u00e8le ROSENZWEIG<br \/>\net partie de violoncelle co-\u00e9crite par John FEATHERSTONE et Torsten HARDER<\/p>\n<p>R\u00e9alisation &amp; arrangements : John FEATHERSTONE &amp; Dave LEONARD<\/p>\n<p>Prise de son : Ruben WAUTIER, Eurogospel Studio, La Louvi\u00e8re, B<br \/>\nOlivier CHAMARD, Studio des C\u00e8dres, Paris, F<br \/>\nJohn FEATHERSTONE, Studio du Grand Marchais, Orl\u00e9ans, F<br \/>\nMixage : Tony HARRIS, New River Studios, Londres, GB<br \/>\nMastering : Dave BLACKMAN, Hiltongrove, Londres, GB<\/p>\n<p>Claviers : Dave LEONARD<br \/>\nGuitares : John FEATHERSTONE<br \/>\nPercussions : Dick LE MAIR<br \/>\nVioloncelle : Torsten HARDER<br \/>\nFl\u00fbtes : Matthew FEATHERSTONE<\/p>\n<p>Voix : John FEATHERSTONE, Hannah FEATHERSTONE, Maud RAKOTONDRAVOHITRA, Jean-Michel BEAUBRUN, Matthew FEATHERSTONE<\/p>\n<p>Photos : Paul YATES<br \/>\nGraphisme : Mike THORPE, The Design Chapel<\/p>\n","protected":false},"excerpt":{"rendered":"<p>Disponible seulement en mp3, ici <a href=\"https:\/\/johnfeatherstone.bandcamp.com\/album\/rien-de-nouveau\" target=\"_blank\" rel=\"noopener\">sur Bandcamp<\/a><\/p>\n","protected":false},"featured_media":74,"comment_status":"open","ping_status":"closed","template":"","meta":[],"product_brand":[],"product_cat":[42,37,25],"product_tag":[],"class_list":{"0":"post-168","1":"product","2":"type-product","3":"status-publish","4":"has-post-thumbnail","6":"product_cat-albums","7":"product_cat-chants-2","8":"product_cat-mp3","10":"first","11":"instock","12":"virtual","13":"product-type-simple"},"_links":{"self":[{"href":"https:\/\/johnfeatherstone.com\/en\/wp-json\/wp\/v2\/product\/168","targetHints":{"allow":["GET"]}}],"collection":[{"href":"https:\/\/johnfeatherstone.com\/en\/wp-json\/wp\/v2\/product"}],"about":[{"href":"https:\/\/johnfeatherstone.com\/en\/wp-json\/wp\/v2\/types\/product"}],"replies":[{"embeddable":true,"href":"https:\/\/johnfeatherstone.com\/en\/wp-json\/wp\/v2\/comments?post=168"}],"wp:featuredmedia":[{"embeddable":true,"href":"https:\/\/johnfeatherstone.com\/en\/wp-json\/wp\/v2\/media\/74"}],"wp:attachment":[{"href":"https:\/\/johnfeatherstone.com\/en\/wp-json\/wp\/v2\/media?parent=168"}],"wp:term":[{"taxonomy":"product_brand","embeddable":true,"href":"https:\/\/johnfeatherstone.com\/en\/wp-json\/wp\/v2\/product_brand?post=168"},{"taxonomy":"product_cat","embeddable":true,"href":"https:\/\/johnfeatherstone.com\/en\/wp-json\/wp\/v2\/product_cat?post=168"},{"taxonomy":"product_tag","embeddable":true,"href":"https:\/\/johnfeatherstone.com\/en\/wp-json\/wp\/v2\/product_tag?post=168"}],"curies":[{"name":"wp","href":"https:\/\/api.w.org\/{rel}","templated":true}]}}