{"id":169,"date":"2023-10-20T08:44:40","date_gmt":"2023-10-20T08:44:40","guid":{"rendered":"https:\/\/johnfeatherstone.com\/product\/credo-en-francais\/"},"modified":"2023-10-27T19:30:24","modified_gmt":"2023-10-27T19:30:24","slug":"credo-en-francais","status":"publish","type":"product","link":"https:\/\/johnfeatherstone.com\/en\/product\/credo-en-francais\/","title":{"rendered":"Credo &#8211; en Fran\u00e7ais"},"content":{"rendered":"<p>Classique et vari\u00e9t\u00e9s se donnent rendez-vous dans un m\u00eame espace, pour allier les rythmes d\u2019aujourd\u2019hui \u00e0 celles de hier.<\/p>\n<p>Une chorale classique, une chorale gospel et quinze instrumentistes se rencontrent autour de la confession de foi qui r\u00e9unit toute la chr\u00e9tient\u00e9.<\/p>\n<p>Credo existe en version fran\u00e7aise et anglaise.<\/p>\n<p>mars 3, 2003<\/p>\n<p>Composition:<br \/>\nJohn FEATHERSTONE 2003<br \/>\nTexte fran\u00e7ais AELF, sauf 13: d\u2019apr\u00e8s le texte AELF<\/p>\n<p>R\u00e9alisation: John FEATHERSTONE &amp; Dave LEONARD<br \/>\nArrangements: John FEATHERSTONE (voix)<br \/>\nDave LEONARD (instruments)<\/p>\n<p>Prise de son: LIVINGSTONE Studio, Londres, Studio des CEDRES, Paris<br \/>\nRSCM, Dorking<br \/>\nMixage: Livingstone Studio, Londres<br \/>\nMastering: Hiltongrove, Londres<br \/>\nIng\u00e9nieurs du son: Tony HARRIS, Olivier CHAMARD<\/p>\n<p>Claviers et programmations: Dave LEONARD<br \/>\nGuitares: Al CHERRY, John FEATHERSTONE<br \/>\nBasse: Lewis EVANS<br \/>\nBatterie: Dave BRYANT<br \/>\nPercussions: Martyn DAVID<br \/>\nViolons: Nicky SWEENEY, Louis RODEN<br \/>\nAlto: Mark COATES-SMITH<br \/>\nVioloncelle: Ben ROGERSON<br \/>\nHautbois: David THOMAS<br \/>\nClarinette: Duncan SWINDELLS<br \/>\nSax: Kenneth EDGE<br \/>\nFl\u00fbte: Monica McCARRON<br \/>\net Matthew FEATHERSTONE (3) et solo (10)<\/p>\n<p>Chorale classique<br \/>\nDirection: Nigel PERONA-WRIGHT<br \/>\nSopranes: Emma GUNNINGHAM (14), Leah PERONA-WRIGHT (4), Jane SHERRIFF, Katherine WALKER (17)<br \/>\nAlti: David MARTIN (2,14), Kate SMITH, Chris WARDLE (4)<br \/>\nTenors: Al LONG, Graham NEAL (14,16), Kit PERONA-WRIGHT (4)<br \/>\nBasses: James BIRCHALL (4), Justin DOYLE (14), Tim READER<\/p>\n<p>Chorale contemporaine<br \/>\nDirection: Olivier CLINE<br \/>\nSopranes: Pascale BENMANN (9,12,16), Honor MASON (12), Maud RAKOTONDRAVOHITRA-BOUTRIN (1,3,4,13,14), Judith FLESSEL-TOTO (3,4,11,13)<br \/>\nAlti: Hannah FEATHERSTONE, Marie-Laure KLEVILLE, Marie-Christine LEVERRIER, M\u00e9lina ONDJOKOU (8)<br \/>\nT\u00e9nors: Jean-Michel BEAUBRUN (8), Jean-Marc LERIGAB (1,3,13,14), Jean-Marc REYNO (4,6,13,15), Thierry TOUZET<br \/>\nBasses: Matthew FEATHERSTONE, David FLESSEL, Arnaud JALET, John FEATHERSTONE (4)<br \/>\nAvec la participation de Marcel BOUNGOU (2,3,7,17)<br \/>\nLes chiffres indiqu\u00e9s correspondent aux plages o\u00f9 les choristes ont chant\u00e9 en solistes<\/p>\n<p>Conception graphique: Mike THORPE<\/p>\n","protected":false},"excerpt":{"rendered":"<p>Classique et gospel se rencontrent autour du Credo<br \/>\nDisponible en mp3 seulement, ici sur <a href=\"https:\/\/johnfeatherstone.bandcamp.com\/album\/credo-en-fran-ais\">bandcamp<\/a><\/p>\n","protected":false},"featured_media":62,"comment_status":"open","ping_status":"closed","template":"","meta":[],"product_brand":[],"product_cat":[42,30,25],"product_tag":[],"class_list":{"0":"post-169","1":"product","2":"type-product","3":"status-publish","4":"has-post-thumbnail","6":"product_cat-albums","7":"product_cat-choral","8":"product_cat-mp3","10":"first","11":"instock","12":"virtual","13":"product-type-simple"},"_links":{"self":[{"href":"https:\/\/johnfeatherstone.com\/en\/wp-json\/wp\/v2\/product\/169","targetHints":{"allow":["GET"]}}],"collection":[{"href":"https:\/\/johnfeatherstone.com\/en\/wp-json\/wp\/v2\/product"}],"about":[{"href":"https:\/\/johnfeatherstone.com\/en\/wp-json\/wp\/v2\/types\/product"}],"replies":[{"embeddable":true,"href":"https:\/\/johnfeatherstone.com\/en\/wp-json\/wp\/v2\/comments?post=169"}],"wp:featuredmedia":[{"embeddable":true,"href":"https:\/\/johnfeatherstone.com\/en\/wp-json\/wp\/v2\/media\/62"}],"wp:attachment":[{"href":"https:\/\/johnfeatherstone.com\/en\/wp-json\/wp\/v2\/media?parent=169"}],"wp:term":[{"taxonomy":"product_brand","embeddable":true,"href":"https:\/\/johnfeatherstone.com\/en\/wp-json\/wp\/v2\/product_brand?post=169"},{"taxonomy":"product_cat","embeddable":true,"href":"https:\/\/johnfeatherstone.com\/en\/wp-json\/wp\/v2\/product_cat?post=169"},{"taxonomy":"product_tag","embeddable":true,"href":"https:\/\/johnfeatherstone.com\/en\/wp-json\/wp\/v2\/product_tag?post=169"}],"curies":[{"name":"wp","href":"https:\/\/api.w.org\/{rel}","templated":true}]}}