{"id":170,"date":"2023-10-20T08:44:41","date_gmt":"2023-10-20T08:44:41","guid":{"rendered":"https:\/\/johnfeatherstone.com\/product\/vie-sur-terre\/"},"modified":"2023-10-27T19:30:14","modified_gmt":"2023-10-27T19:30:14","slug":"vie-sur-terre","status":"publish","type":"product","link":"https:\/\/johnfeatherstone.com\/en\/product\/vie-sur-terre\/","title":{"rendered":"Vie sur Terre"},"content":{"rendered":"<p>Vie sur Terre fait partie d&#8217;une trilogie de Cantates chorales sur la naissance, la vie et la Passion du Christ.<\/p>\n<p>Ce CD nous entra\u00eene sur les pas du Christ depuis son bapt\u00eame jusqu\u2019\u00e0 son entr\u00e9e dans J\u00e9rusalem.<\/p>\n<p>Des partitions et bandes instrumentales sont \u00e9galement \u00e0 disposition des chorales<\/p>\n<p>d\u00e9c 1, 1998<\/p>\n<p>Arrangements : Dave LEONARD (Instruments), John FEATHERSTONE (voix)<\/p>\n<p>Claviers : Dave LEONARD<br \/>\nBatterie : Dave BRYANT<br \/>\nGuitares : John FEATHERSTONE &amp; Paul MARDLE<br \/>\nFl\u00fbte : Nigel PERONA-WRIGHT<br \/>\nSolistes :<br \/>\nLa voix du Christ : John FEATHERSTONE<br \/>\nPierre : Marcel BOUNGOU<br \/>\nJean-Baptiste : Pascal MACHEFFER<br \/>\nSatan : Pascal TOUZET<br \/>\nNicod\u00e8me : Ian HARRIS<br \/>\nMarthe : Maud RAKOTONDRAVOHITRA<br \/>\nMarie : Judith FLESSEL-TOTO<\/p>\n<p>Chorale :<br \/>\nPascale BENMANN, Judith FLESSEL-TOTO, Honor MASON, Yveline TURQUAIS, Marie-Laure HUCK, M\u00e9lina<br \/>\nONDJOKOU, Maud RAKOTONDRAVOHITRA, NIcky SEIGNOBOS, Jean-Michel BEAUBRUN, Pascal MACHEFFER,<br \/>\nPascal TOUZET, Olivier CLINE, David FLESSEL, Jean-Marc LERIGAB, Daniel PIALAT<br \/>\nDirection : Jean-Marc SEIGNOBOS<br \/>\nDirection de la chorale d\u2019enfants : Jean-Marc KOPP<br \/>\nSoliste enfants, S\u00e9phora SAMTCHAR, Anne GIMENEZ, Matthew FEATHERSTONE, Hannah FEATHERSTONE<br \/>\nChorale d\u2019enfants : membres de la chorale de \u2018Semailles et cr\u00e9ation\u2019<br \/>\nIngrid BOUCHER, Beno\u00eet DAUSSIN, Anne GIMENEZ, Rith et Marie JORNOD, Laetitia MATHEDARRE, S\u00e9phora<br \/>\nSAMTCHAR, Marie-Aude VERMES, Anne WOERNER<\/p>\n<p>Avec la participation de<br \/>\nJulie CHAMARD, Benjamin CORBEAU, Cara, Hannah et Matthew FEATHERSTONE, Romain LATOUCHE,<br \/>\nSabrina SADORGE, Sara VERNERY<\/p>\n<p>Visuel d\u2019origine : Hilary PERONA-WRIGHT<br \/>\nVisuel 2014 : Mike THORPE<\/p>\n<p>Textes dits par : Alain et Marion COMBES<br \/>\nStudios : The Tea House, Londres<br \/>\nStudio des C\u00e8dres, Paris<br \/>\nStudio O. Cussac, Albi<br \/>\nlicense<br \/>\nall rights reserved<\/p>\n","protected":false},"excerpt":{"rendered":"<p>De la trilogie de Cantates sur la naissance, la vie et la Passion du Christ<\/p>\n","protected":false},"featured_media":66,"comment_status":"open","ping_status":"closed","template":"","meta":[],"product_brand":[],"product_cat":[42,29,30],"product_tag":[],"class_list":{"0":"post-170","1":"product","2":"type-product","3":"status-publish","4":"has-post-thumbnail","6":"product_cat-albums","7":"product_cat-cd","8":"product_cat-choral","10":"first","11":"instock","12":"shipping-taxable","13":"purchasable","14":"product-type-simple"},"_links":{"self":[{"href":"https:\/\/johnfeatherstone.com\/en\/wp-json\/wp\/v2\/product\/170","targetHints":{"allow":["GET"]}}],"collection":[{"href":"https:\/\/johnfeatherstone.com\/en\/wp-json\/wp\/v2\/product"}],"about":[{"href":"https:\/\/johnfeatherstone.com\/en\/wp-json\/wp\/v2\/types\/product"}],"replies":[{"embeddable":true,"href":"https:\/\/johnfeatherstone.com\/en\/wp-json\/wp\/v2\/comments?post=170"}],"wp:featuredmedia":[{"embeddable":true,"href":"https:\/\/johnfeatherstone.com\/en\/wp-json\/wp\/v2\/media\/66"}],"wp:attachment":[{"href":"https:\/\/johnfeatherstone.com\/en\/wp-json\/wp\/v2\/media?parent=170"}],"wp:term":[{"taxonomy":"product_brand","embeddable":true,"href":"https:\/\/johnfeatherstone.com\/en\/wp-json\/wp\/v2\/product_brand?post=170"},{"taxonomy":"product_cat","embeddable":true,"href":"https:\/\/johnfeatherstone.com\/en\/wp-json\/wp\/v2\/product_cat?post=170"},{"taxonomy":"product_tag","embeddable":true,"href":"https:\/\/johnfeatherstone.com\/en\/wp-json\/wp\/v2\/product_tag?post=170"}],"curies":[{"name":"wp","href":"https:\/\/api.w.org\/{rel}","templated":true}]}}