{"id":171,"date":"2023-10-20T08:44:41","date_gmt":"2023-10-20T08:44:41","guid":{"rendered":"https:\/\/johnfeatherstone.com\/product\/chemin-de-paques\/"},"modified":"2025-04-21T09:28:34","modified_gmt":"2025-04-21T09:28:34","slug":"chemin-de-paques","status":"publish","type":"product","link":"https:\/\/johnfeatherstone.com\/en\/product\/chemin-de-paques\/","title":{"rendered":"Chemin de P\u00e2ques"},"content":{"rendered":"<p>Fait partie de la trilogie de Cantates chorales sur la naissance, la vie et la passion du Christ.<\/p>\n<p>La semaine Sainte depuis l\u2019entr\u00e9e de J\u00e9sus \u00e0 J\u00e9rusalem jusqu\u2019\u00e0 sa mort et sa r\u00e9surrection.<\/p>\n<p>Partitions et bandes instrumentales \u00e9galement disponibles pour les chorales<\/p>\n<p>mars 1, 1997<\/p>\n<p>Arrangements : Dave LEONARD (instruments), John FEATHERSTONE (voix)<\/p>\n<p>Musiciens :<br \/>\nDave LEONARD : claviers<br \/>\nAllan COX : Batterie<br \/>\nJohn FEATHERSTONE, Paul MARDLE : guitares<br \/>\nJeffery WILSON : Sax<\/p>\n<p>Solistes :<br \/>\nJohn FEATHERSTONE : Christ<br \/>\nMarcel BOUNGOU : Pierre<br \/>\nPascale BENMANN : La servante<br \/>\nPascal MACHEFER : Judas<br \/>\nMaud RAKOTONDRAVOHITRA : Marie de Magdala et soliste dans Hosanna<br \/>\nJean-Michel BEAUBRUN : 2e disciple et duo dans Gu\u00e9ris avec Judith FLESSEL-TOTO<\/p>\n<p>Chorale :<br \/>\nPascale BENMANN, Judith FLESSEL, Honor MASON, Yveline TURQUAIS, Muriel DECAMP, Maud<br \/>\nTAKOTONDRAVOHITRA, Marie-Laure HUCK, Jean-Michel BEAUBRUN, Pascal MACHEFER, Thierry TOUZET,<br \/>\nOlivier CLINE, David FLESSEL, Ian HARRIS<br \/>\nDirection : Jean-Marc SEIGNOBOS<\/p>\n<p>Chorale d\u2019enfants (ce fut il y a un certain nombre d\u2019ann\u00e9es !) :<br \/>\nRachel BOURGEOIS, Julie CHAMARD, Benjamin CORBEAU, Cara, Hannah et Matthew FEATHERSTONE,<br \/>\nBlandine et Tina GUILLOT, Romain LATOUCHE, Caroline MARTINET, Sabrina SADORGE, Timoth\u00e9e<br \/>\nSCHWARTZ<br \/>\nSolistes enfants dans \u2018Pourquoi ?\u2019 et \u2018Qu\u2019a-t-il fait ? Matthew et Hannah FEATHERSTONE<\/p>\n<p>Textes dits par : Alain et Marion COMBES<br \/>\nVisuel original : Hilary Perona-Wright<br \/>\nGraphisme 2014 : Mike Thorpe<br \/>\nStudios : The Tea House, Londres, Studio des C\u00e8dres, Paris<br \/>\nIng\u00e9nieurs : Paul MARDLE, Olivier CHAMARD<br \/>\nMixage : Paul MARDLE<br \/>\nlicense<br \/>\nall rights reserved<\/p>\n","protected":false},"excerpt":{"rendered":"<p>De la trilogie de Cantates chorales sur la naissance, la vie et la passion du Christ<\/p>\n","protected":false},"featured_media":65,"comment_status":"open","ping_status":"closed","template":"","meta":[],"product_brand":[],"product_cat":[42,29,30],"product_tag":[],"class_list":{"0":"post-171","1":"product","2":"type-product","3":"status-publish","4":"has-post-thumbnail","6":"product_cat-albums","7":"product_cat-cd","8":"product_cat-choral","10":"first","11":"instock","12":"shipping-taxable","13":"purchasable","14":"product-type-simple"},"_links":{"self":[{"href":"https:\/\/johnfeatherstone.com\/en\/wp-json\/wp\/v2\/product\/171","targetHints":{"allow":["GET"]}}],"collection":[{"href":"https:\/\/johnfeatherstone.com\/en\/wp-json\/wp\/v2\/product"}],"about":[{"href":"https:\/\/johnfeatherstone.com\/en\/wp-json\/wp\/v2\/types\/product"}],"replies":[{"embeddable":true,"href":"https:\/\/johnfeatherstone.com\/en\/wp-json\/wp\/v2\/comments?post=171"}],"wp:featuredmedia":[{"embeddable":true,"href":"https:\/\/johnfeatherstone.com\/en\/wp-json\/wp\/v2\/media\/65"}],"wp:attachment":[{"href":"https:\/\/johnfeatherstone.com\/en\/wp-json\/wp\/v2\/media?parent=171"}],"wp:term":[{"taxonomy":"product_brand","embeddable":true,"href":"https:\/\/johnfeatherstone.com\/en\/wp-json\/wp\/v2\/product_brand?post=171"},{"taxonomy":"product_cat","embeddable":true,"href":"https:\/\/johnfeatherstone.com\/en\/wp-json\/wp\/v2\/product_cat?post=171"},{"taxonomy":"product_tag","embeddable":true,"href":"https:\/\/johnfeatherstone.com\/en\/wp-json\/wp\/v2\/product_tag?post=171"}],"curies":[{"name":"wp","href":"https:\/\/api.w.org\/{rel}","templated":true}]}}