{"id":172,"date":"2023-10-20T08:44:41","date_gmt":"2023-10-20T08:44:41","guid":{"rendered":"https:\/\/johnfeatherstone.com\/product\/commence-a-voir\/"},"modified":"2023-10-27T19:29:53","modified_gmt":"2023-10-27T19:29:53","slug":"commence-a-voir","status":"publish","type":"product","link":"https:\/\/johnfeatherstone.com\/en\/product\/commence-a-voir\/","title":{"rendered":"Commence \u00e0 voir"},"content":{"rendered":"<p>Chansons en fran\u00e7ais style auteur-compositeur interpr\u00e8te. La version fran\u00e7aise de &#8216;Where Truth Lies&#8217;<\/p>\n<p>released September 1, 1995<\/p>\n<p>Words &amp; Music John Featherstone<br \/>\nArrangements &amp; production John Featherstone &amp; David Leonard Cooke<\/p>\n<p>Studios : Gable Hall, The Tea House, Versaille Station, Studio Batiste, Studio du Petit Pont. Les Chapelles, Euro Gospel Studio<\/p>\n<p>Engineers: Paul Mardle, Olivier Chamard, Tony Arcone, David Drussant, Ruben Wautier<\/p>\n<p>Mixing: Paul Mardle, The Tea House<\/p>\n<p>Voice, acoustic &amp; electric guitars, piano, keyboards, flute: John Featherstone<br \/>\nKeyboards: Dave Leonard Cooke<br \/>\nDrums: Allan Cox<br \/>\nElectric guitar: Paul Mardle<br \/>\nBas guitar: Martin Elliott<br \/>\nSax: Stewart Curtis<br \/>\nAlto flute, bagpipes: NIgel Perona-Wright<\/p>\n<p>Choir: Pascale Benmann, Isabelle Hey, Yveline Turquais, Mary Featherstone, Doroth\u00e9e Huck, Marie-Laure Huck, Muriel Joseph, Denis Hey, Pascal Touzet, Thierry Touzet, Olivier Cline, Jean-Marc Seignobos<\/p>\n<p>B-vox: Judith Flessel, Sonia COussou, Marcel Boungou, Jean-Marc Lerigab<\/p>\n<p>with Dave Leonard, Honor Mason, Cara, Hannah, Matthew Featherstone<\/p>\n<p>Photos: Mike Sutton (front cover)<br \/>\nPierre-Jean Soler (portraits)<\/p>\n","protected":false},"excerpt":{"rendered":"<p>La version fran\u00e7aise de &#8216;Where Truth Lies&#8217;<\/p>\n","protected":false},"featured_media":70,"comment_status":"open","ping_status":"closed","template":"","meta":[],"product_brand":[],"product_cat":[42,29,37],"product_tag":[],"class_list":{"0":"post-172","1":"product","2":"type-product","3":"status-publish","4":"has-post-thumbnail","6":"product_cat-albums","7":"product_cat-cd","8":"product_cat-chants-2","10":"first","11":"instock","12":"shipping-taxable","13":"purchasable","14":"product-type-simple"},"_links":{"self":[{"href":"https:\/\/johnfeatherstone.com\/en\/wp-json\/wp\/v2\/product\/172","targetHints":{"allow":["GET"]}}],"collection":[{"href":"https:\/\/johnfeatherstone.com\/en\/wp-json\/wp\/v2\/product"}],"about":[{"href":"https:\/\/johnfeatherstone.com\/en\/wp-json\/wp\/v2\/types\/product"}],"replies":[{"embeddable":true,"href":"https:\/\/johnfeatherstone.com\/en\/wp-json\/wp\/v2\/comments?post=172"}],"wp:featuredmedia":[{"embeddable":true,"href":"https:\/\/johnfeatherstone.com\/en\/wp-json\/wp\/v2\/media\/70"}],"wp:attachment":[{"href":"https:\/\/johnfeatherstone.com\/en\/wp-json\/wp\/v2\/media?parent=172"}],"wp:term":[{"taxonomy":"product_brand","embeddable":true,"href":"https:\/\/johnfeatherstone.com\/en\/wp-json\/wp\/v2\/product_brand?post=172"},{"taxonomy":"product_cat","embeddable":true,"href":"https:\/\/johnfeatherstone.com\/en\/wp-json\/wp\/v2\/product_cat?post=172"},{"taxonomy":"product_tag","embeddable":true,"href":"https:\/\/johnfeatherstone.com\/en\/wp-json\/wp\/v2\/product_tag?post=172"}],"curies":[{"name":"wp","href":"https:\/\/api.w.org\/{rel}","templated":true}]}}