{"id":678,"date":"2023-10-26T18:28:00","date_gmt":"2023-10-26T18:28:00","guid":{"rendered":"https:\/\/johnfeatherstone.com\/?post_type=product&#038;p=678"},"modified":"2024-10-22T09:55:57","modified_gmt":"2024-10-22T09:55:57","slug":"vie-sur-terre-partition-chorale-pdf","status":"publish","type":"product","link":"https:\/\/johnfeatherstone.com\/en\/product\/vie-sur-terre-partition-chorale-pdf\/","title":{"rendered":"Vie sur Terre Partition chorale pdf"},"content":{"rendered":"<p>Partition vocale de la Cantate Vie sur Terre.<\/p>\n<p>Cette Cantate nous entra\u00eene sur les pas du Christ depuis son bapt\u00eame jusqu\u2019\u00e0 son entr\u00e9e dans J\u00e9rusalem, pour c\u00e9l\u00e9brer la plus remarquable des vies sur terre.<\/p>\n<p>Ces oeuvres sont \u00e0 la disposition des chorales<br \/>\nLes outils ci-dessous vous permettront de construire votre projet :<br \/>\n\u2022 des partitions pour chorale<br \/>\n\u2022 des bandes musicales ou des partitions instrumentales<br \/>\n\u2022 des mp3 de r\u00e9p\u00e9tition par pupitre<\/p>\n<p>Pour en savoir plus nous contacter<\/p>\n","protected":false},"excerpt":{"rendered":"<p>Partition vocale \u00e0 4 voix<\/p>\n","protected":false},"featured_media":716,"comment_status":"open","ping_status":"closed","template":"","meta":[],"product_brand":[],"product_cat":[30,32],"product_tag":[],"class_list":{"0":"post-678","1":"product","2":"type-product","3":"status-publish","4":"has-post-thumbnail","6":"product_cat-choral","7":"product_cat-partitions","9":"first","10":"instock","11":"downloadable","12":"virtual","13":"purchasable","14":"product-type-simple"},"_links":{"self":[{"href":"https:\/\/johnfeatherstone.com\/en\/wp-json\/wp\/v2\/product\/678","targetHints":{"allow":["GET"]}}],"collection":[{"href":"https:\/\/johnfeatherstone.com\/en\/wp-json\/wp\/v2\/product"}],"about":[{"href":"https:\/\/johnfeatherstone.com\/en\/wp-json\/wp\/v2\/types\/product"}],"replies":[{"embeddable":true,"href":"https:\/\/johnfeatherstone.com\/en\/wp-json\/wp\/v2\/comments?post=678"}],"wp:featuredmedia":[{"embeddable":true,"href":"https:\/\/johnfeatherstone.com\/en\/wp-json\/wp\/v2\/media\/716"}],"wp:attachment":[{"href":"https:\/\/johnfeatherstone.com\/en\/wp-json\/wp\/v2\/media?parent=678"}],"wp:term":[{"taxonomy":"product_brand","embeddable":true,"href":"https:\/\/johnfeatherstone.com\/en\/wp-json\/wp\/v2\/product_brand?post=678"},{"taxonomy":"product_cat","embeddable":true,"href":"https:\/\/johnfeatherstone.com\/en\/wp-json\/wp\/v2\/product_cat?post=678"},{"taxonomy":"product_tag","embeddable":true,"href":"https:\/\/johnfeatherstone.com\/en\/wp-json\/wp\/v2\/product_tag?post=678"}],"curies":[{"name":"wp","href":"https:\/\/api.w.org\/{rel}","templated":true}]}}