{"id":680,"date":"2023-10-26T17:33:33","date_gmt":"2023-10-26T17:33:33","guid":{"rendered":"https:\/\/johnfeatherstone.com\/?post_type=product&#038;p=680"},"modified":"2024-10-22T09:56:46","modified_gmt":"2024-10-22T09:56:46","slug":"chemin-de-paques-partition-chorale-pdf","status":"publish","type":"product","link":"https:\/\/johnfeatherstone.com\/en\/product\/chemin-de-paques-partition-chorale-pdf\/","title":{"rendered":"Chemin de P\u00e2ques partition chorale pdf"},"content":{"rendered":"<p>Partition chorale \u00e0 4 voix pour la Cantate Chemin de P\u00e2ques<\/p>\n<p>Chemin de P\u00e2ques est une c\u00e9l\u00e9bration de la semaine Sainte depuis l&#8217;entr\u00e9e de J\u00e9sus \u00e0 J\u00e9rusalem jusqu&#8217;\u00e0 sa mort et sa r\u00e9surrection.<\/p>\n<p>La catate est \u00e0 \u00e0 la disposition des chorales<\/p>\n<p>Les outils ci-dessous vous permettront de construire votre projet :<br \/>\n\u2022 des partitions pour chorale<br \/>\n\u2022 des bandes musicales ou des partitions instrumentales<br \/>\n\u2022 des CD de r\u00e9p\u00e9tition par pupitre<\/p>\n<p>Pour cela, <a href=\"https:\/\/johnfeatherstone.com\/contact\/\">nous contacter<\/a><\/p>\n","protected":false},"excerpt":{"rendered":"<p>Partition vocale \u00e0 4 voix<\/p>\n","protected":false},"featured_media":704,"comment_status":"open","ping_status":"closed","template":"","meta":[],"product_brand":[],"product_cat":[30,32],"product_tag":[],"class_list":{"0":"post-680","1":"product","2":"type-product","3":"status-publish","4":"has-post-thumbnail","6":"product_cat-choral","7":"product_cat-partitions","9":"first","10":"instock","11":"downloadable","12":"virtual","13":"purchasable","14":"product-type-simple"},"_links":{"self":[{"href":"https:\/\/johnfeatherstone.com\/en\/wp-json\/wp\/v2\/product\/680","targetHints":{"allow":["GET"]}}],"collection":[{"href":"https:\/\/johnfeatherstone.com\/en\/wp-json\/wp\/v2\/product"}],"about":[{"href":"https:\/\/johnfeatherstone.com\/en\/wp-json\/wp\/v2\/types\/product"}],"replies":[{"embeddable":true,"href":"https:\/\/johnfeatherstone.com\/en\/wp-json\/wp\/v2\/comments?post=680"}],"wp:featuredmedia":[{"embeddable":true,"href":"https:\/\/johnfeatherstone.com\/en\/wp-json\/wp\/v2\/media\/704"}],"wp:attachment":[{"href":"https:\/\/johnfeatherstone.com\/en\/wp-json\/wp\/v2\/media?parent=680"}],"wp:term":[{"taxonomy":"product_brand","embeddable":true,"href":"https:\/\/johnfeatherstone.com\/en\/wp-json\/wp\/v2\/product_brand?post=680"},{"taxonomy":"product_cat","embeddable":true,"href":"https:\/\/johnfeatherstone.com\/en\/wp-json\/wp\/v2\/product_cat?post=680"},{"taxonomy":"product_tag","embeddable":true,"href":"https:\/\/johnfeatherstone.com\/en\/wp-json\/wp\/v2\/product_tag?post=680"}],"curies":[{"name":"wp","href":"https:\/\/api.w.org\/{rel}","templated":true}]}}