{"id":686,"date":"2023-10-26T16:11:47","date_gmt":"2023-10-26T16:11:47","guid":{"rendered":"https:\/\/johnfeatherstone.com\/?post_type=product&#038;p=686"},"modified":"2024-10-22T09:57:43","modified_gmt":"2024-10-22T09:57:43","slug":"voici-noel-partition-chorale","status":"publish","type":"product","link":"https:\/\/johnfeatherstone.com\/en\/product\/voici-noel-partition-chorale\/","title":{"rendered":"Voici No\u00ebl &#8211; partition chorale pdf"},"content":{"rendered":"<p>Voici No\u00ebl est une c\u00e9l\u00e9bration de la venue du Christ sur terre qui retrace l\u2019histoire de l\u2019Incarnation depuis la Gen\u00e8se jusqu\u2019\u00e0 la naissance du Christ \u00e0 chanter en chorale.<\/p>\n<p>Partitions instrumentales, bandes musicales, et mp3 r\u00e9p\u00e9tition voix par voix sont \u00e9galement disponibles pour aider les chorales dans leur pr\u00e9paration. Pour en savoir plus, contactez-nous<\/p>\n","protected":false},"excerpt":{"rendered":"<p>Partition vocale \u00e0 4 voix<\/p>\n","protected":false},"featured_media":687,"comment_status":"open","ping_status":"closed","template":"","meta":[],"product_brand":[],"product_cat":[30,32],"product_tag":[],"class_list":{"0":"post-686","1":"product","2":"type-product","3":"status-publish","4":"has-post-thumbnail","6":"product_cat-choral","7":"product_cat-partitions","9":"first","10":"instock","11":"downloadable","12":"virtual","13":"purchasable","14":"product-type-simple"},"_links":{"self":[{"href":"https:\/\/johnfeatherstone.com\/en\/wp-json\/wp\/v2\/product\/686","targetHints":{"allow":["GET"]}}],"collection":[{"href":"https:\/\/johnfeatherstone.com\/en\/wp-json\/wp\/v2\/product"}],"about":[{"href":"https:\/\/johnfeatherstone.com\/en\/wp-json\/wp\/v2\/types\/product"}],"replies":[{"embeddable":true,"href":"https:\/\/johnfeatherstone.com\/en\/wp-json\/wp\/v2\/comments?post=686"}],"wp:featuredmedia":[{"embeddable":true,"href":"https:\/\/johnfeatherstone.com\/en\/wp-json\/wp\/v2\/media\/687"}],"wp:attachment":[{"href":"https:\/\/johnfeatherstone.com\/en\/wp-json\/wp\/v2\/media?parent=686"}],"wp:term":[{"taxonomy":"product_brand","embeddable":true,"href":"https:\/\/johnfeatherstone.com\/en\/wp-json\/wp\/v2\/product_brand?post=686"},{"taxonomy":"product_cat","embeddable":true,"href":"https:\/\/johnfeatherstone.com\/en\/wp-json\/wp\/v2\/product_cat?post=686"},{"taxonomy":"product_tag","embeddable":true,"href":"https:\/\/johnfeatherstone.com\/en\/wp-json\/wp\/v2\/product_tag?post=686"}],"curies":[{"name":"wp","href":"https:\/\/api.w.org\/{rel}","templated":true}]}}